{"id":3368,"date":"2022-08-25T13:53:25","date_gmt":"2022-08-25T13:53:25","guid":{"rendered":"\/?post_type=product&#038;p=3368"},"modified":"2023-12-15T07:12:06","modified_gmt":"2023-12-15T11:12:06","slug":"carbocal-1000-kg","status":"publish","type":"product","link":"https:\/\/beaverhardwoodsltda.com\/es\/product\/carbocal-1000-kg\/","title":{"rendered":"Carbocal 1000 kg"},"content":{"rendered":"<p>La principal fuente de Carbonato de Calcio, es decir, el producto que le ofrecemos es la propia fuente de calcio, y para esta oferta disponemos de 4 calidades: 1.- Malla de 1\/64\u201d con granulometr\u00eda fina, similar a polvo. 2 .- Malla 1\/32&#8243; con granulometr\u00eda similar al az\u00facar. 3.- Malla 1\/16&#8243; con granulometr\u00eda similar a un grano de arroz. 4.- Malla 1\/8&#8243; con granulometr\u00eda gruesa, aproximadamente 4.5mm de di\u00e1metro.<\/p>","protected":false},"excerpt":{"rendered":"<p>El carbonato de calcio es un complemento alimenticio que se utiliza cuando la cantidad de calcio consumida a trav\u00e9s de la dieta no es suficiente. El calcio es necesario para mantener sanos los huesos, los m\u00fasculos, el sistema nervioso y el coraz\u00f3n.<\/p>\n","protected":false},"featured_media":6261,"template":"","meta":[],"product_brand":[],"product_cat":[115],"product_tag":[],"class_list":{"0":"post-3368","1":"product","2":"type-product","3":"status-publish","4":"has-post-thumbnail","6":"product_cat-supplements","9":"first","10":"instock","11":"taxable","12":"shipping-taxable","13":"purchasable","14":"product-type-simple"},"_links":{"self":[{"href":"https:\/\/beaverhardwoodsltda.com\/es\/wp-json\/wp\/v2\/product\/3368","targetHints":{"allow":["GET"]}}],"collection":[{"href":"https:\/\/beaverhardwoodsltda.com\/es\/wp-json\/wp\/v2\/product"}],"about":[{"href":"https:\/\/beaverhardwoodsltda.com\/es\/wp-json\/wp\/v2\/types\/product"}],"wp:featuredmedia":[{"embeddable":true,"href":"https:\/\/beaverhardwoodsltda.com\/es\/wp-json\/wp\/v2\/media\/6261"}],"wp:attachment":[{"href":"https:\/\/beaverhardwoodsltda.com\/es\/wp-json\/wp\/v2\/media?parent=3368"}],"wp:term":[{"taxonomy":"product_brand","embeddable":true,"href":"https:\/\/beaverhardwoodsltda.com\/es\/wp-json\/wp\/v2\/product_brand?post=3368"},{"taxonomy":"product_cat","embeddable":true,"href":"https:\/\/beaverhardwoodsltda.com\/es\/wp-json\/wp\/v2\/product_cat?post=3368"},{"taxonomy":"product_tag","embeddable":true,"href":"https:\/\/beaverhardwoodsltda.com\/es\/wp-json\/wp\/v2\/product_tag?post=3368"}],"curies":[{"name":"wp","href":"https:\/\/api.w.org\/{rel}","templated":true}]}}